{"id":53,"date":"2023-02-08T16:21:23","date_gmt":"2023-02-08T15:21:23","guid":{"rendered":"http:\/\/kris-carol.fr\/?page_id=53"},"modified":"2023-11-10T01:05:25","modified_gmt":"2023-11-10T00:05:25","slug":"magicien","status":"publish","type":"page","link":"https:\/\/kris-carol.fr\/index.php\/magicien\/","title":{"rendered":"MAGICIEN"},"content":{"rendered":"\n<div class=\"wp-block-columns is-layout-flex wp-container-core-columns-is-layout-28f84493 wp-block-columns-is-layout-flex\">\n<div class=\"wp-block-column is-layout-flow wp-block-column-is-layout-flow\">\n<figure class=\"wp-block-image size-large\"><img fetchpriority=\"high\" decoding=\"async\" width=\"1024\" height=\"1024\" src=\"http:\/\/kris-carol.fr\/wp-content\/uploads\/2023\/02\/photo-close-up-1-1024x1024.jpg\" alt=\"\" class=\"wp-image-74\" srcset=\"https:\/\/kris-carol.fr\/wp-content\/uploads\/2023\/02\/photo-close-up-1-1024x1024.jpg 1024w, https:\/\/kris-carol.fr\/wp-content\/uploads\/2023\/02\/photo-close-up-1-300x300.jpg 300w, https:\/\/kris-carol.fr\/wp-content\/uploads\/2023\/02\/photo-close-up-1-150x150.jpg 150w, https:\/\/kris-carol.fr\/wp-content\/uploads\/2023\/02\/photo-close-up-1-768x768.jpg 768w, https:\/\/kris-carol.fr\/wp-content\/uploads\/2023\/02\/photo-close-up-1-1536x1536.jpg 1536w, https:\/\/kris-carol.fr\/wp-content\/uploads\/2023\/02\/photo-close-up-1.jpg 1772w\" sizes=\"(max-width: 1024px) 100vw, 1024px\" \/><\/figure>\n\n\n\n<p class=\"has-text-align-center\">CLOSE-UP<br>MAGIE DE PROXIMIT\u00c9 <\/p>\n\n\n\n<p>Vous recherchez un magicien !!!<br>Diff\u00e9rent ou classique ?<\/p>\n\n\n\n<p>Une magie percutante vous attends,<br>Avec un look diff\u00e9rent et une personnalit\u00e9 qui marquera vos convives&#8230;<br>Si vous pr\u00e9f\u00e9rez le classique il s&rsquo;adapte&#8230; ou pas&#8230; toujours d\u00e9capant !!!<\/p>\n\n\n\n<p>De la magie et de l\u2019interaction, et surtout du plaisir&#8230;<br> <\/p>\n\n\n\n<p><br> <\/p>\n\n\n\n<figure class=\"wp-block-image size-large\"><img decoding=\"async\" width=\"683\" height=\"1024\" src=\"https:\/\/kris-carol.fr\/wp-content\/uploads\/2023\/10\/kris-carol-magicien-close-up-site-683x1024.jpg\" alt=\"\" class=\"wp-image-193\" srcset=\"https:\/\/kris-carol.fr\/wp-content\/uploads\/2023\/10\/kris-carol-magicien-close-up-site-683x1024.jpg 683w, https:\/\/kris-carol.fr\/wp-content\/uploads\/2023\/10\/kris-carol-magicien-close-up-site-200x300.jpg 200w, https:\/\/kris-carol.fr\/wp-content\/uploads\/2023\/10\/kris-carol-magicien-close-up-site-768x1152.jpg 768w, https:\/\/kris-carol.fr\/wp-content\/uploads\/2023\/10\/kris-carol-magicien-close-up-site-1024x1536.jpg 1024w, https:\/\/kris-carol.fr\/wp-content\/uploads\/2023\/10\/kris-carol-magicien-close-up-site-1365x2048.jpg 1365w, https:\/\/kris-carol.fr\/wp-content\/uploads\/2023\/10\/kris-carol-magicien-close-up-site-scaled.jpg 1707w\" sizes=\"(max-width: 683px) 100vw, 683px\" \/><\/figure>\n<\/div>\n\n\n\n<div class=\"wp-block-column is-layout-flow wp-block-column-is-layout-flow\">\n<figure class=\"wp-block-image size-large\"><img decoding=\"async\" width=\"1024\" height=\"1024\" src=\"http:\/\/kris-carol.fr\/wp-content\/uploads\/2023\/02\/PHOTO-SCENE-1-1024x1024.jpg\" alt=\"\" class=\"wp-image-76\" srcset=\"https:\/\/kris-carol.fr\/wp-content\/uploads\/2023\/02\/PHOTO-SCENE-1-1024x1024.jpg 1024w, https:\/\/kris-carol.fr\/wp-content\/uploads\/2023\/02\/PHOTO-SCENE-1-300x300.jpg 300w, https:\/\/kris-carol.fr\/wp-content\/uploads\/2023\/02\/PHOTO-SCENE-1-150x150.jpg 150w, https:\/\/kris-carol.fr\/wp-content\/uploads\/2023\/02\/PHOTO-SCENE-1-768x768.jpg 768w, https:\/\/kris-carol.fr\/wp-content\/uploads\/2023\/02\/PHOTO-SCENE-1-1536x1536.jpg 1536w, https:\/\/kris-carol.fr\/wp-content\/uploads\/2023\/02\/PHOTO-SCENE-1.jpg 1772w\" sizes=\"(max-width: 1024px) 100vw, 1024px\" \/><\/figure>\n\n\n\n<p class=\"has-text-align-center\">SPECTACLE DE SC\u00c8NE<br>TOUS PUBLIC <\/p>\n\n\n\n<p>Plus d&rsquo;une heure de spectacle m\u00e9langeant Humour, Magie et Myst\u00e8re !<\/p>\n\n\n\n<p>Votre magicien vous propose un somptueux m\u00e9lange de magie visuelle et int\u00e9ractive, o\u00f9 les spectateurs deviendront \u00e0 leur tour acteurs.<\/p>\n\n\n\n<p>Spectacle familiale o\u00f9 tout le monde trouve son plaisir.<br><br><br><br><br><br><\/p>\n\n\n\n<figure class=\"wp-block-image size-large\"><img loading=\"lazy\" decoding=\"async\" width=\"724\" height=\"1024\" src=\"https:\/\/kris-carol.fr\/wp-content\/uploads\/2023\/05\/impossible-3-2-724x1024.jpg\" alt=\"\" class=\"wp-image-190\" srcset=\"https:\/\/kris-carol.fr\/wp-content\/uploads\/2023\/05\/impossible-3-2-724x1024.jpg 724w, https:\/\/kris-carol.fr\/wp-content\/uploads\/2023\/05\/impossible-3-2-212x300.jpg 212w, https:\/\/kris-carol.fr\/wp-content\/uploads\/2023\/05\/impossible-3-2-768x1086.jpg 768w, https:\/\/kris-carol.fr\/wp-content\/uploads\/2023\/05\/impossible-3-2-1086x1536.jpg 1086w, https:\/\/kris-carol.fr\/wp-content\/uploads\/2023\/05\/impossible-3-2-1448x2048.jpg 1448w, https:\/\/kris-carol.fr\/wp-content\/uploads\/2023\/05\/impossible-3-2-scaled.jpg 1810w\" sizes=\"(max-width: 724px) 100vw, 724px\" \/><\/figure>\n<\/div>\n\n\n\n<div class=\"wp-block-column is-layout-flow wp-block-column-is-layout-flow\">\n<figure class=\"wp-block-image size-large\"><img loading=\"lazy\" decoding=\"async\" width=\"1024\" height=\"1024\" src=\"http:\/\/kris-carol.fr\/wp-content\/uploads\/2023\/02\/photo-ENFANT-3-1024x1024.jpg\" alt=\"\" class=\"wp-image-77\" srcset=\"https:\/\/kris-carol.fr\/wp-content\/uploads\/2023\/02\/photo-ENFANT-3-1024x1024.jpg 1024w, https:\/\/kris-carol.fr\/wp-content\/uploads\/2023\/02\/photo-ENFANT-3-300x300.jpg 300w, https:\/\/kris-carol.fr\/wp-content\/uploads\/2023\/02\/photo-ENFANT-3-150x150.jpg 150w, https:\/\/kris-carol.fr\/wp-content\/uploads\/2023\/02\/photo-ENFANT-3-768x768.jpg 768w, https:\/\/kris-carol.fr\/wp-content\/uploads\/2023\/02\/photo-ENFANT-3-1536x1536.jpg 1536w, https:\/\/kris-carol.fr\/wp-content\/uploads\/2023\/02\/photo-ENFANT-3.jpg 1772w\" sizes=\"(max-width: 1024px) 100vw, 1024px\" \/><\/figure>\n\n\n\n<p class=\"has-text-align-center\">SPECTACLE ENFANT<br>PAS QUE POUR LES ENFANTS<\/p>\n\n\n\n<p>Ce spectacle adapt\u00e9 pour le jeune public, ravira \u00e9galement les grands enfants que sont les adultes.<\/p>\n\n\n\n<p>Une heure de spectacle ou s&rsquo;enchaine les exp\u00e9riences dr\u00f4le et captivante.<\/p>\n\n\n\n<p>L&rsquo;int\u00e9ractivit\u00e9 est omnipr\u00e9sente dans ce spectacle haut en couleur.  <br><br><br><br><br><br><\/p>\n\n\n\n<figure class=\"wp-block-image size-large\"><img loading=\"lazy\" decoding=\"async\" width=\"724\" height=\"1024\" src=\"https:\/\/kris-carol.fr\/wp-content\/uploads\/2023\/05\/spectacle-la-piraterie-des-bonbons-2-724x1024.jpg\" alt=\"\" class=\"wp-image-187\" srcset=\"https:\/\/kris-carol.fr\/wp-content\/uploads\/2023\/05\/spectacle-la-piraterie-des-bonbons-2-724x1024.jpg 724w, https:\/\/kris-carol.fr\/wp-content\/uploads\/2023\/05\/spectacle-la-piraterie-des-bonbons-2-212x300.jpg 212w, https:\/\/kris-carol.fr\/wp-content\/uploads\/2023\/05\/spectacle-la-piraterie-des-bonbons-2-768x1086.jpg 768w, https:\/\/kris-carol.fr\/wp-content\/uploads\/2023\/05\/spectacle-la-piraterie-des-bonbons-2-1086x1536.jpg 1086w, https:\/\/kris-carol.fr\/wp-content\/uploads\/2023\/05\/spectacle-la-piraterie-des-bonbons-2-1448x2048.jpg 1448w, https:\/\/kris-carol.fr\/wp-content\/uploads\/2023\/05\/spectacle-la-piraterie-des-bonbons-2-scaled.jpg 1810w\" sizes=\"(max-width: 724px) 100vw, 724px\" \/><\/figure>\n<\/div>\n<\/div>\n","protected":false},"excerpt":{"rendered":"<p> [&hellip;]<\/p>\n","protected":false},"author":1,"featured_media":0,"parent":0,"menu_order":0,"comment_status":"closed","ping_status":"closed","template":"","meta":{"footnotes":""},"class_list":["post-53","page","type-page","status-publish","hentry"],"yoast_head":"<!-- This site is optimized with the Yoast SEO plugin v20.1 - https:\/\/yoast.com\/wordpress\/plugins\/seo\/ -->\n<title>MAGICIEN - KRIS CAROL<\/title>\n<meta name=\"description\" content=\"D\u00e9couvrez l&#039;univers de la magie sous diff\u00e9rentes formes, magie pour enfant, spectacle de magie tout public, magie de procimit\u00e9, close-up...\" \/>\n<meta name=\"robots\" content=\"index, follow, max-snippet:-1, max-image-preview:large, max-video-preview:-1\" \/>\n<link rel=\"canonical\" href=\"https:\/\/kris-carol.fr\/index.php\/magicien\/\" \/>\n<meta property=\"og:locale\" content=\"fr_FR\" \/>\n<meta property=\"og:type\" content=\"article\" \/>\n<meta property=\"og:title\" content=\"MAGICIEN - KRIS CAROL\" \/>\n<meta property=\"og:description\" content=\"D\u00e9couvrez l&#039;univers de la magie sous diff\u00e9rentes formes, magie pour enfant, spectacle de magie tout public, magie de procimit\u00e9, close-up...\" \/>\n<meta property=\"og:url\" content=\"https:\/\/kris-carol.fr\/index.php\/magicien\/\" \/>\n<meta property=\"og:site_name\" content=\"KRIS CAROL\" \/>\n<meta property=\"article:publisher\" content=\"https:\/\/www.facebook.com\/kriscarol\" \/>\n<meta property=\"article:modified_time\" content=\"2023-11-10T00:05:25+00:00\" \/>\n<meta property=\"og:image\" content=\"http:\/\/kris-carol.fr\/wp-content\/uploads\/2023\/02\/photo-close-up-1-1024x1024.jpg\" \/>\n<meta name=\"twitter:card\" content=\"summary_large_image\" \/>\n<meta name=\"twitter:label1\" content=\"Dur\u00e9e de lecture estim\u00e9e\" \/>\n\t<meta name=\"twitter:data1\" content=\"2 minutes\" \/>\n<script type=\"application\/ld+json\" class=\"yoast-schema-graph\">{\"@context\":\"https:\/\/schema.org\",\"@graph\":[{\"@type\":\"WebPage\",\"@id\":\"https:\/\/kris-carol.fr\/index.php\/magicien\/\",\"url\":\"https:\/\/kris-carol.fr\/index.php\/magicien\/\",\"name\":\"MAGICIEN - KRIS CAROL\",\"isPartOf\":{\"@id\":\"https:\/\/kris-carol.fr\/#website\"},\"datePublished\":\"2023-02-08T15:21:23+00:00\",\"dateModified\":\"2023-11-10T00:05:25+00:00\",\"description\":\"D\u00e9couvrez l'univers de la magie sous diff\u00e9rentes formes, magie pour enfant, spectacle de magie tout public, magie de procimit\u00e9, close-up...\",\"breadcrumb\":{\"@id\":\"https:\/\/kris-carol.fr\/index.php\/magicien\/#breadcrumb\"},\"inLanguage\":\"fr-FR\",\"potentialAction\":[{\"@type\":\"ReadAction\",\"target\":[\"https:\/\/kris-carol.fr\/index.php\/magicien\/\"]}]},{\"@type\":\"BreadcrumbList\",\"@id\":\"https:\/\/kris-carol.fr\/index.php\/magicien\/#breadcrumb\",\"itemListElement\":[{\"@type\":\"ListItem\",\"position\":1,\"name\":\"Accueil\",\"item\":\"https:\/\/kris-carol.fr\/\"},{\"@type\":\"ListItem\",\"position\":2,\"name\":\"MAGICIEN\"}]},{\"@type\":\"WebSite\",\"@id\":\"https:\/\/kris-carol.fr\/#website\",\"url\":\"https:\/\/kris-carol.fr\/\",\"name\":\"KRIS CAROL\",\"description\":\"Magicien, Mentaliste, Hypnotiseur de spectacle\",\"potentialAction\":[{\"@type\":\"SearchAction\",\"target\":{\"@type\":\"EntryPoint\",\"urlTemplate\":\"https:\/\/kris-carol.fr\/?s={search_term_string}\"},\"query-input\":\"required name=search_term_string\"}],\"inLanguage\":\"fr-FR\"}]}<\/script>\n<!-- \/ Yoast SEO plugin. -->","yoast_head_json":{"title":"MAGICIEN - KRIS CAROL","description":"D\u00e9couvrez l'univers de la magie sous diff\u00e9rentes formes, magie pour enfant, spectacle de magie tout public, magie de procimit\u00e9, close-up...","robots":{"index":"index","follow":"follow","max-snippet":"max-snippet:-1","max-image-preview":"max-image-preview:large","max-video-preview":"max-video-preview:-1"},"canonical":"https:\/\/kris-carol.fr\/index.php\/magicien\/","og_locale":"fr_FR","og_type":"article","og_title":"MAGICIEN - KRIS CAROL","og_description":"D\u00e9couvrez l'univers de la magie sous diff\u00e9rentes formes, magie pour enfant, spectacle de magie tout public, magie de procimit\u00e9, close-up...","og_url":"https:\/\/kris-carol.fr\/index.php\/magicien\/","og_site_name":"KRIS CAROL","article_publisher":"https:\/\/www.facebook.com\/kriscarol","article_modified_time":"2023-11-10T00:05:25+00:00","og_image":[{"url":"http:\/\/kris-carol.fr\/wp-content\/uploads\/2023\/02\/photo-close-up-1-1024x1024.jpg"}],"twitter_card":"summary_large_image","twitter_misc":{"Dur\u00e9e de lecture estim\u00e9e":"2 minutes"},"schema":{"@context":"https:\/\/schema.org","@graph":[{"@type":"WebPage","@id":"https:\/\/kris-carol.fr\/index.php\/magicien\/","url":"https:\/\/kris-carol.fr\/index.php\/magicien\/","name":"MAGICIEN - KRIS CAROL","isPartOf":{"@id":"https:\/\/kris-carol.fr\/#website"},"datePublished":"2023-02-08T15:21:23+00:00","dateModified":"2023-11-10T00:05:25+00:00","description":"D\u00e9couvrez l'univers de la magie sous diff\u00e9rentes formes, magie pour enfant, spectacle de magie tout public, magie de procimit\u00e9, close-up...","breadcrumb":{"@id":"https:\/\/kris-carol.fr\/index.php\/magicien\/#breadcrumb"},"inLanguage":"fr-FR","potentialAction":[{"@type":"ReadAction","target":["https:\/\/kris-carol.fr\/index.php\/magicien\/"]}]},{"@type":"BreadcrumbList","@id":"https:\/\/kris-carol.fr\/index.php\/magicien\/#breadcrumb","itemListElement":[{"@type":"ListItem","position":1,"name":"Accueil","item":"https:\/\/kris-carol.fr\/"},{"@type":"ListItem","position":2,"name":"MAGICIEN"}]},{"@type":"WebSite","@id":"https:\/\/kris-carol.fr\/#website","url":"https:\/\/kris-carol.fr\/","name":"KRIS CAROL","description":"Magicien, Mentaliste, Hypnotiseur de spectacle","potentialAction":[{"@type":"SearchAction","target":{"@type":"EntryPoint","urlTemplate":"https:\/\/kris-carol.fr\/?s={search_term_string}"},"query-input":"required name=search_term_string"}],"inLanguage":"fr-FR"}]}},"_links":{"self":[{"href":"https:\/\/kris-carol.fr\/index.php\/wp-json\/wp\/v2\/pages\/53","targetHints":{"allow":["GET"]}}],"collection":[{"href":"https:\/\/kris-carol.fr\/index.php\/wp-json\/wp\/v2\/pages"}],"about":[{"href":"https:\/\/kris-carol.fr\/index.php\/wp-json\/wp\/v2\/types\/page"}],"author":[{"embeddable":true,"href":"https:\/\/kris-carol.fr\/index.php\/wp-json\/wp\/v2\/users\/1"}],"replies":[{"embeddable":true,"href":"https:\/\/kris-carol.fr\/index.php\/wp-json\/wp\/v2\/comments?post=53"}],"version-history":[{"count":25,"href":"https:\/\/kris-carol.fr\/index.php\/wp-json\/wp\/v2\/pages\/53\/revisions"}],"predecessor-version":[{"id":212,"href":"https:\/\/kris-carol.fr\/index.php\/wp-json\/wp\/v2\/pages\/53\/revisions\/212"}],"wp:attachment":[{"href":"https:\/\/kris-carol.fr\/index.php\/wp-json\/wp\/v2\/media?parent=53"}],"curies":[{"name":"wp","href":"https:\/\/api.w.org\/{rel}","templated":true}]}}